{"id":2359,"date":"2025-10-14T10:01:12","date_gmt":"2025-10-14T10:01:12","guid":{"rendered":"https:\/\/mymoradia.com\/locations\/"},"modified":"2026-02-03T14:39:27","modified_gmt":"2026-02-03T14:39:27","slug":"locations","status":"publish","type":"page","link":"https:\/\/mymoradia.com\/fr\/locations\/","title":{"rendered":"\u00c0 propos de nous"},"content":{"rendered":"<div data-elementor-type=\"wp-page\" data-elementor-id=\"2359\" class=\"elementor elementor-2359\">\n\t\t\t\t<div class=\"elementor-element elementor-element-64dd7cb5 e-flex e-con-boxed e-con e-parent\" data-id=\"64dd7cb5\" data-element_type=\"container\" data-e-type=\"container\" data-settings=\"{&quot;background_background&quot;:&quot;classic&quot;}\">\n\t\t\t\t\t<div class=\"e-con-inner\">\n\t\t<div class=\"elementor-element elementor-element-7f79a2db e-flex e-con-boxed e-con e-child\" data-id=\"7f79a2db\" data-element_type=\"container\" data-e-type=\"container\" data-settings=\"{&quot;background_background&quot;:&quot;slideshow&quot;,&quot;background_slideshow_gallery&quot;:[],&quot;background_slideshow_loop&quot;:&quot;yes&quot;,&quot;background_slideshow_slide_duration&quot;:5000,&quot;background_slideshow_slide_transition&quot;:&quot;fade&quot;,&quot;background_slideshow_transition_duration&quot;:500}\">\n\t\t\t\t\t<div class=\"e-con-inner\">\n\t\t\t\t<div class=\"elementor-element elementor-element-39c4f5f2 elementor-widget elementor-widget-heading\" data-id=\"39c4f5f2\" data-element_type=\"widget\" data-e-type=\"widget\" data-widget_type=\"heading.default\">\n\t\t\t\t<div class=\"elementor-widget-container\">\n\t\t\t\t\t<h1 class=\"elementor-heading-title elementor-size-default\">\u00c0 propos de nous<\/h1>\t\t\t\t<\/div>\n\t\t\t\t<\/div>\n\t\t\t\t\t<\/div>\n\t\t\t\t<\/div>\n\t\t\t\t<div class=\"elementor-element elementor-element-10675e8 elementor-widget__width-initial elementor-widget-mobile__width-initial elementor-widget elementor-widget-text-editor\" data-id=\"10675e8\" data-element_type=\"widget\" data-e-type=\"widget\" data-widget_type=\"text-editor.default\">\n\t\t\t\t<div class=\"elementor-widget-container\">\n\t\t\t\t\t\t\t\t\t<p>Gestion immobili\u00e8re compl\u00e8te qui maximise vos revenus tout en vous offrant une tranquillit\u00e9 d\u2019esprit totale<\/p>\t\t\t\t\t\t\t\t<\/div>\n\t\t\t\t<\/div>\n\t\t\t\t\t<\/div>\n\t\t\t\t<\/div>\n\t\t<div class=\"elementor-element elementor-element-ad48246 e-flex e-con-boxed e-con e-parent\" data-id=\"ad48246\" data-element_type=\"container\" data-e-type=\"container\">\n\t\t\t\t\t<div class=\"e-con-inner\">\n\t\t\t\t<div class=\"elementor-element elementor-element-bf306fb elementor-widget elementor-widget-heading\" data-id=\"bf306fb\" data-element_type=\"widget\" data-e-type=\"widget\" data-widget_type=\"heading.default\">\n\t\t\t\t<div class=\"elementor-widget-container\">\n\t\t\t\t\t<h2 class=\"elementor-heading-title elementor-size-default\">MyMoradia : Un accueil avec soin et expertise<\/h2>\t\t\t\t<\/div>\n\t\t\t\t<\/div>\n\t\t\t\t\t<\/div>\n\t\t\t\t<\/div>\n\t\t<div class=\"elementor-element elementor-element-afcf499 e-flex e-con-boxed e-con e-parent\" data-id=\"afcf499\" data-element_type=\"container\" data-e-type=\"container\">\n\t\t\t\t\t<div class=\"e-con-inner\">\n\t\t\t\t<div class=\"elementor-element elementor-element-a9539ae elementor-widget__width-initial elementor-widget-mobile__width-initial elementor-widget elementor-widget-text-editor\" data-id=\"a9539ae\" data-element_type=\"widget\" data-e-type=\"widget\" data-widget_type=\"text-editor.default\">\n\t\t\t\t<div class=\"elementor-widget-container\">\n\t\t\t\t\t\t\t\t\t<p>Nous croyons qu\u2019un excellent accueil repose sur les d\u00e9tails. Nous sommes une \u00e9quipe d\u00e9vou\u00e9e, passionn\u00e9e par la cr\u00e9ation d\u2019exp\u00e9riences fluides et sans stress pour les propri\u00e9taires et de s\u00e9jours inoubliables pour les voyageurs.<\/p><p>Notre mission ? Vous offrir une totale tranquillit\u00e9 d\u2019esprit en sachant que votre propri\u00e9t\u00e9 est entre des mains expertes. Du nettoyage m\u00e9ticuleux \u00e0 la gestion attentive des voyageurs, nous prenons tout en charge avec soin, pour que vous n\u2019ayez \u00e0 vous soucier de rien.<\/p><p>Des voyageurs heureux, des propri\u00e9taires heureux : c\u2019est ce qui nous motive. Ax\u00e9s sur la qualit\u00e9, la convivialit\u00e9 et l\u2019expertise locale, nous allons toujours plus loin pour rendre chaque s\u00e9jour exceptionnel et chaque propri\u00e9t\u00e9 \u00e9clatante.<\/p><p>Faisons de l\u2019accueil une exp\u00e9rience simple et gratifiante, ensemble !<\/p>\t\t\t\t\t\t\t\t<\/div>\n\t\t\t\t<\/div>\n\t\t\t\t\t<\/div>\n\t\t\t\t<\/div>\n\t\t<div class=\"elementor-element elementor-element-undefined-9cd6f94 e-flex e-con-boxed e-con e-parent\" data-id=\"undefined-9cd6f94\" data-element_type=\"container\" data-e-type=\"container\">\n\t\t\t\t\t<div class=\"e-con-inner\">\n\t\t<div class=\"elementor-element elementor-element-undefined-a628c15 e-flex e-con-boxed e-con e-child\" data-id=\"undefined-a628c15\" data-element_type=\"container\" data-e-type=\"container\">\n\t\t\t\t\t<div class=\"e-con-inner\">\n\t\t\t\t<div class=\"elementor-element elementor-element-undefined-1d7c644 elementor-widget elementor-widget-heading\" data-id=\"undefined-1d7c644\" data-element_type=\"widget\" data-e-type=\"widget\" data-widget_type=\"heading.default\">\n\t\t\t\t<div class=\"elementor-widget-container\">\n\t\t\t\t\t<h2 class=\"elementor-heading-title elementor-size-default\">L\u2019\u00e9quipe<\/h2>\t\t\t\t<\/div>\n\t\t\t\t<\/div>\n\t\t\t\t\t<\/div>\n\t\t\t\t<\/div>\n\t\t<div class=\"elementor-element elementor-element-undefined-12b61b2 e-con-full e-flex e-con e-child\" data-id=\"undefined-12b61b2\" data-element_type=\"container\" data-e-type=\"container\">\n\t\t\t\t<div class=\"elementor-element elementor-element-undefined-1512de3 elementor-widget__width-initial elementor-widget-tablet__width-initial elementor-widget-mobile__width-inherit elementor-widget elementor-widget-call-to-action\" data-id=\"undefined-1512de3\" data-element_type=\"widget\" data-e-type=\"widget\" data-widget_type=\"call-to-action.default\">\n\t\t\t\t<div class=\"elementor-widget-container\">\n\t\t\t\t\t \t\t\t\t<\/div>\n\t\t\t\t<\/div>\n\t\t\t\t<div class=\"elementor-element elementor-element-undefined-366a686 elementor-widget__width-initial elementor-widget-tablet__width-initial elementor-widget-mobile__width-inherit elementor-widget elementor-widget-call-to-action\" data-id=\"undefined-366a686\" data-element_type=\"widget\" data-e-type=\"widget\" data-widget_type=\"call-to-action.default\">\n\t\t\t\t<div class=\"elementor-widget-container\">\n\t\t\t\t\t \t\t\t\t<\/div>\n\t\t\t\t<\/div>\n\t\t\t\t<div class=\"elementor-element elementor-element-undefined-a1321b0 elementor-widget__width-initial elementor-widget-tablet__width-initial elementor-widget-mobile__width-inherit elementor-widget elementor-widget-call-to-action\" data-id=\"undefined-a1321b0\" data-element_type=\"widget\" data-e-type=\"widget\" data-widget_type=\"call-to-action.default\">\n\t\t\t\t<div class=\"elementor-widget-container\">\n\t\t\t\t\t \t\t\t\t<\/div>\n\t\t\t\t<\/div>\n\t\t\t\t<\/div>\n\t\t\t\t\t<\/div>\n\t\t\t\t<\/div>\n\t\t<div class=\"elementor-element elementor-element-eaf2cd9 e-flex e-con-boxed e-con e-parent\" data-id=\"eaf2cd9\" data-element_type=\"container\" data-e-type=\"container\">\n\t\t\t\t\t<div class=\"e-con-inner\">\n\t\t\t\t<div class=\"elementor-element elementor-element-16c8d75 elementor-align-center elementor-widget elementor-widget-button\" data-id=\"16c8d75\" data-element_type=\"widget\" data-e-type=\"widget\" data-widget_type=\"button.default\">\n\t\t\t\t<div class=\"elementor-widget-container\">\n\t\t\t\t\t\t\t\t\t<div class=\"elementor-button-wrapper\">\n\t\t\t\t\t<a class=\"elementor-button elementor-button-link elementor-size-sm\" href=\"\">\n\t\t\t\t\t\t<span class=\"elementor-button-content-wrapper\">\n\t\t\t\t\t\t\t\t\t<span class=\"elementor-button-text\">service brochure<\/span>\n\t\t\t\t\t<\/span>\n\t\t\t\t\t<\/a>\n\t\t\t\t<\/div>\n\t\t\t\t\t\t\t\t<\/div>\n\t\t\t\t<\/div>\n\t\t\t\t\t<\/div>\n\t\t\t\t<\/div>\n\t\t\t\t<\/div>","protected":false},"excerpt":{"rendered":"<p>About Us Full-service property management that maximizes your income\u00a0 while you enjoy total peace of mind MyMoradia: Hosting with Care &amp; Expertise We believe that great hosting is all about the details. We are a dedicated team passionate about creating seamless, stress-free experiences for property owners and unforgettable stays for guests. Our mission? To ensure<\/p>","protected":false},"author":1,"featured_media":0,"parent":0,"menu_order":0,"comment_status":"closed","ping_status":"closed","template":"elementor_header_footer","meta":{"_surecart_dashboard_logo_width":"180px","_surecart_dashboard_show_logo":true,"_surecart_dashboard_navigation_orders":true,"_surecart_dashboard_navigation_invoices":true,"_surecart_dashboard_navigation_subscriptions":true,"_surecart_dashboard_navigation_downloads":true,"_surecart_dashboard_navigation_billing":true,"_surecart_dashboard_navigation_account":true,"_uag_custom_page_level_css":"","solace_meta_sidebar":"","solace_meta_container":"","solace_meta_enable_content_width":"","solace_meta_content_width":0,"solace_meta_title_alignment":"","solace_meta_author_avatar":"","solace_post_elements_order":"","solace_meta_disable_header":"","solace_meta_disable_footer":"","solace_meta_disable_title":"","footnotes":""},"class_list":["post-2359","page","type-page","status-publish","hentry"],"aioseo_notices":[],"uagb_featured_image_src":{"full":false,"thumbnail":false,"medium":false,"medium_large":false,"large":false,"1536x1536":false,"2048x2048":false,"trp-custom-language-flag":false,"solace-single2":false,"solace-single-default":false,"solace-default-blog":false,"solace-related-posts":false,"solace-wc-shop-layout3-layout4-layout6":false,"solace-blog":false,"woocommerce_thumbnail":false,"woocommerce_single":false,"woocommerce_gallery_thumbnail":false},"uagb_author_info":{"display_name":"lopez.julyandrea@gmail.com","author_link":"https:\/\/mymoradia.com\/fr\/author\/lopez-julyandreagmail-com\/"},"uagb_comment_info":0,"uagb_excerpt":"About Us Full-service property management that maximizes your income\u00a0 while you enjoy total peace of mind MyMoradia: Hosting with Care &amp; Expertise We believe that great hosting is all about the details. We are a dedicated team passionate about creating seamless, stress-free experiences for property owners and unforgettable stays for guests. Our mission? To ensure","_links":{"self":[{"href":"https:\/\/mymoradia.com\/fr\/wp-json\/wp\/v2\/pages\/2359","targetHints":{"allow":["GET"]}}],"collection":[{"href":"https:\/\/mymoradia.com\/fr\/wp-json\/wp\/v2\/pages"}],"about":[{"href":"https:\/\/mymoradia.com\/fr\/wp-json\/wp\/v2\/types\/page"}],"author":[{"embeddable":true,"href":"https:\/\/mymoradia.com\/fr\/wp-json\/wp\/v2\/users\/1"}],"replies":[{"embeddable":true,"href":"https:\/\/mymoradia.com\/fr\/wp-json\/wp\/v2\/comments?post=2359"}],"version-history":[{"count":28,"href":"https:\/\/mymoradia.com\/fr\/wp-json\/wp\/v2\/pages\/2359\/revisions"}],"predecessor-version":[{"id":3236,"href":"https:\/\/mymoradia.com\/fr\/wp-json\/wp\/v2\/pages\/2359\/revisions\/3236"}],"wp:attachment":[{"href":"https:\/\/mymoradia.com\/fr\/wp-json\/wp\/v2\/media?parent=2359"}],"curies":[{"name":"wp","href":"https:\/\/api.w.org\/{rel}","templated":true}]}}