{"id":1399,"date":"2024-12-29T16:04:34","date_gmt":"2024-12-29T16:04:34","guid":{"rendered":"https:\/\/mymoradia.com\/about-us\/"},"modified":"2025-03-20T15:49:31","modified_gmt":"2025-03-20T15:49:31","slug":"about-us","status":"publish","type":"page","link":"https:\/\/mymoradia.com\/fr\/about-us\/","title":{"rendered":"ABOUT US"},"content":{"rendered":"<div data-elementor-type=\"wp-page\" data-elementor-id=\"1399\" class=\"elementor elementor-1399\">\n\t\t\t\t<div class=\"elementor-element elementor-element-wqfmyp4 e-flex e-con-boxed e-con e-parent\" data-id=\"wqfmyp4\" data-element_type=\"container\" data-e-type=\"container\" data-settings=\"{&quot;background_background&quot;:&quot;classic&quot;}\">\n\t\t\t\t\t<div class=\"e-con-inner\">\n\t\t<div class=\"elementor-element elementor-element-c983c45 e-con-full e-flex e-con e-child\" data-id=\"c983c45\" data-element_type=\"container\" data-e-type=\"container\">\n\t\t\t\t<div class=\"elementor-element elementor-element-3033cab elementor-widget elementor-widget-heading\" data-id=\"3033cab\" data-element_type=\"widget\" data-e-type=\"widget\" data-widget_type=\"heading.default\">\n\t\t\t\t<div class=\"elementor-widget-container\">\n\t\t\t\t\t<h1 class=\"elementor-heading-title elementor-size-default\">\u00c0 propos de nous<\/h1>\t\t\t\t<\/div>\n\t\t\t\t<\/div>\n\t\t\t\t<div class=\"elementor-element elementor-element-25b92db elementor-widget elementor-widget-text-editor\" data-id=\"25b92db\" data-element_type=\"widget\" data-e-type=\"widget\" data-widget_type=\"text-editor.default\">\n\t\t\t\t<div class=\"elementor-widget-container\">\n\t\t\t\t\t\t\t\t\t<p>Full-service property management that maximizes your income while you enjoy total peace of mind.<\/p>\t\t\t\t\t\t\t\t<\/div>\n\t\t\t\t<\/div>\n\t\t\t\t<\/div>\n\t\t\t\t\t<\/div>\n\t\t\t\t<\/div>\n\t\t\t\t<section class=\"elementor-section elementor-top-section elementor-element elementor-element-uvqx3qx elementor-section-boxed elementor-section-height-default elementor-section-height-default\" data-id=\"uvqx3qx\" data-element_type=\"section\" data-e-type=\"section\" data-settings=\"{&quot;background_background&quot;:&quot;classic&quot;}\">\n\t\t\t\t\t\t\t<div class=\"elementor-background-overlay\"><\/div>\n\t\t\t\t\t\t\t<div class=\"elementor-container elementor-column-gap-default\">\n\t\t\t\t\t<div class=\"elementor-column elementor-col-100 elementor-top-column elementor-element elementor-element-dd305b2\" data-id=\"dd305b2\" data-element_type=\"column\" data-e-type=\"column\">\n\t\t\t<div class=\"elementor-widget-wrap elementor-element-populated\">\n\t\t\t\t\t\t<div class=\"elementor-element elementor-element-573fe53 elementor-widget__width-initial elementor-widget elementor-widget-heading\" data-id=\"573fe53\" data-element_type=\"widget\" data-e-type=\"widget\" data-widget_type=\"heading.default\">\n\t\t\t\t<div class=\"elementor-widget-container\">\n\t\t\t\t\t<h2 class=\"elementor-heading-title elementor-size-default\">MyMoradia : Un accueil avec soin et expertise\n<\/h2>\t\t\t\t<\/div>\n\t\t\t\t<\/div>\n\t\t\t\t<div class=\"elementor-element elementor-element-3171737 elementor-invisible elementor-widget elementor-widget-text-editor\" data-id=\"3171737\" data-element_type=\"widget\" data-e-type=\"widget\" data-settings=\"{&quot;_animation&quot;:&quot;fadeIn&quot;}\" data-widget_type=\"text-editor.default\">\n\t\t\t\t<div class=\"elementor-widget-container\">\n\t\t\t\t\t\t\t\t\t<p>Nous croyons qu\u2019un excellent accueil repose sur les d\u00e9tails. Nous sommes une \u00e9quipe d\u00e9vou\u00e9e, passionn\u00e9e par la cr\u00e9ation d\u2019exp\u00e9riences fluides et sans stress pour les propri\u00e9taires et de s\u00e9jours inoubliables pour les voyageurs.<\/p><p>Notre mission ? Vous offrir une totale tranquillit\u00e9 d\u2019esprit en sachant que votre propri\u00e9t\u00e9 est entre des mains expertes. Du nettoyage m\u00e9ticuleux \u00e0 la gestion attentive des voyageurs, nous prenons tout en charge avec soin, pour que vous n\u2019ayez \u00e0 vous soucier de rien.<\/p><p>Des voyageurs heureux, des propri\u00e9taires heureux : c\u2019est ce qui nous motive. Ax\u00e9s sur la qualit\u00e9, la convivialit\u00e9 et l\u2019expertise locale, nous allons toujours plus loin pour rendre chaque s\u00e9jour exceptionnel et chaque propri\u00e9t\u00e9 \u00e9clatante.<\/p><p>Faisons de l\u2019accueil une exp\u00e9rience simple et gratifiante, ensemble !<\/p>\t\t\t\t\t\t\t\t<\/div>\n\t\t\t\t<\/div>\n\t\t\t\t<div class=\"elementor-element elementor-element-66f35f4 elementor-widget elementor-widget-button\" data-id=\"66f35f4\" data-element_type=\"widget\" data-e-type=\"widget\" data-widget_type=\"button.default\">\n\t\t\t\t<div class=\"elementor-widget-container\">\n\t\t\t\t\t\t\t\t\t<div class=\"elementor-button-wrapper\">\n\t\t\t\t\t<a class=\"elementor-button elementor-button-link elementor-size-sm\" href=\"https:\/\/mymoradia.com\/fr\/contacto\/#formulario\">\n\t\t\t\t\t\t<span class=\"elementor-button-content-wrapper\">\n\t\t\t\t\t\t\t\t\t<span class=\"elementor-button-text\">Commencez<\/span>\n\t\t\t\t\t<\/span>\n\t\t\t\t\t<\/a>\n\t\t\t\t<\/div>\n\t\t\t\t\t\t\t\t<\/div>\n\t\t\t\t<\/div>\n\t\t\t\t\t<\/div>\n\t\t<\/div>\n\t\t\t\t\t<\/div>\n\t\t<\/section>\n\t\t<div class=\"elementor-element elementor-element-j3u7c2s e-flex e-con-boxed e-con e-parent\" data-id=\"j3u7c2s\" data-element_type=\"container\" data-e-type=\"container\" data-settings=\"{&quot;background_background&quot;:&quot;classic&quot;}\">\n\t\t\t\t\t<div class=\"e-con-inner\">\n\t\t<div class=\"elementor-element elementor-element-6c72466 e-con-full e-flex e-con e-child\" data-id=\"6c72466\" data-element_type=\"container\" data-e-type=\"container\">\n\t\t\t\t<div class=\"elementor-element elementor-element-0412eb7 elementor-widget elementor-widget-heading\" data-id=\"0412eb7\" data-element_type=\"widget\" data-e-type=\"widget\" data-widget_type=\"heading.default\">\n\t\t\t\t<div class=\"elementor-widget-container\">\n\t\t\t\t\t<h2 class=\"elementor-heading-title elementor-size-default\">Our Team<\/h2>\t\t\t\t<\/div>\n\t\t\t\t<\/div>\n\t\t\t\t<div class=\"elementor-element elementor-element-a4ed679 elementor-widget elementor-widget-text-editor\" data-id=\"a4ed679\" data-element_type=\"widget\" data-e-type=\"widget\" data-widget_type=\"text-editor.default\">\n\t\t\t\t<div class=\"elementor-widget-container\">\n\t\t\t\t\t\t\t\t\t<p>The Dedicated Team Making Hosting Effortless<\/p>\t\t\t\t\t\t\t\t<\/div>\n\t\t\t\t<\/div>\n\t\t<div class=\"elementor-element elementor-element-b38ca42 e-flex e-con-boxed e-con e-child\" data-id=\"b38ca42\" data-element_type=\"container\" data-e-type=\"container\">\n\t\t\t\t\t<div class=\"e-con-inner\">\n\t\t<div class=\"elementor-element elementor-element-2a7d927 e-con-full e-flex e-con e-child\" data-id=\"2a7d927\" data-element_type=\"container\" data-e-type=\"container\">\n\t\t\t\t<div class=\"elementor-element elementor-element-55fb019 elementor-widget elementor-widget-image\" data-id=\"55fb019\" data-element_type=\"widget\" data-e-type=\"widget\" data-widget_type=\"image.default\">\n\t\t\t\t<div class=\"elementor-widget-container\">\n\t\t\t\t\t\t\t\t\t\t\t\t\t\t\t<img fetchpriority=\"high\" decoding=\"async\" width=\"640\" height=\"640\" src=\"https:\/\/mymoradia.com\/wp-content\/uploads\/2025\/03\/1736489664438-Photoroom.png\" class=\"attachment-large size-large wp-image-1966\" alt=\"\" srcset=\"https:\/\/mymoradia.com\/wp-content\/uploads\/2025\/03\/1736489664438-Photoroom.png 800w, https:\/\/mymoradia.com\/wp-content\/uploads\/2025\/03\/1736489664438-Photoroom-300x300.png 300w, https:\/\/mymoradia.com\/wp-content\/uploads\/2025\/03\/1736489664438-Photoroom-600x600.png 600w, https:\/\/mymoradia.com\/wp-content\/uploads\/2025\/03\/1736489664438-Photoroom-150x150.png 150w, https:\/\/mymoradia.com\/wp-content\/uploads\/2025\/03\/1736489664438-Photoroom-768x768.png 768w\" sizes=\"(max-width: 640px) 100vw, 640px\" \/>\t\t\t\t\t\t\t\t\t\t\t\t\t\t\t<\/div>\n\t\t\t\t<\/div>\n\t\t\t\t<div class=\"elementor-element elementor-element-4b03a06 elementor-widget elementor-widget-image-box\" data-id=\"4b03a06\" data-element_type=\"widget\" data-e-type=\"widget\" data-widget_type=\"image-box.default\">\n\t\t\t\t<div class=\"elementor-widget-container\">\n\t\t\t\t\t<div class=\"elementor-image-box-wrapper\"><div class=\"elementor-image-box-content\"><h3 class=\"elementor-image-box-title\">Andrea Lopez <\/h3><p class=\"elementor-image-box-description\">CEO &amp; Founder<\/p><\/div><\/div>\t\t\t\t<\/div>\n\t\t\t\t<\/div>\n\t\t\t\t<\/div>\n\t\t<div class=\"elementor-element elementor-element-e8e2bd7 e-con-full e-flex e-con e-child\" data-id=\"e8e2bd7\" data-element_type=\"container\" data-e-type=\"container\">\n\t\t\t\t<div class=\"elementor-element elementor-element-c64559d elementor-widget elementor-widget-image\" data-id=\"c64559d\" data-element_type=\"widget\" data-e-type=\"widget\" data-widget_type=\"image.default\">\n\t\t\t\t<div class=\"elementor-widget-container\">\n\t\t\t\t\t\t\t\t\t\t\t\t\t\t\t<img decoding=\"async\" width=\"640\" height=\"640\" src=\"https:\/\/mymoradia.com\/wp-content\/uploads\/2025\/03\/WhatsApp-Image-2025-03-06-at-17.14.37-1024x1024.jpeg\" class=\"attachment-large size-large wp-image-2182\" alt=\"\" srcset=\"https:\/\/mymoradia.com\/wp-content\/uploads\/2025\/03\/WhatsApp-Image-2025-03-06-at-17.14.37-1024x1024.jpeg 1024w, https:\/\/mymoradia.com\/wp-content\/uploads\/2025\/03\/WhatsApp-Image-2025-03-06-at-17.14.37-300x300.jpeg 300w, https:\/\/mymoradia.com\/wp-content\/uploads\/2025\/03\/WhatsApp-Image-2025-03-06-at-17.14.37-150x150.jpeg 150w\" sizes=\"(max-width: 640px) 100vw, 640px\" \/>\t\t\t\t\t\t\t\t\t\t\t\t\t\t\t<\/div>\n\t\t\t\t<\/div>\n\t\t\t\t<div class=\"elementor-element elementor-element-6a75068 elementor-widget elementor-widget-image-box\" data-id=\"6a75068\" data-element_type=\"widget\" data-e-type=\"widget\" data-widget_type=\"image-box.default\">\n\t\t\t\t<div class=\"elementor-widget-container\">\n\t\t\t\t\t<div class=\"elementor-image-box-wrapper\"><div class=\"elementor-image-box-content\"><h3 class=\"elementor-image-box-title\">Bruno Chambion<\/h3><p class=\"elementor-image-box-description\">Co-Founder<\/p><\/div><\/div>\t\t\t\t<\/div>\n\t\t\t\t<\/div>\n\t\t\t\t<\/div>\n\t\t<div class=\"elementor-element elementor-element-2603142 e-con-full e-flex e-con e-child\" data-id=\"2603142\" data-element_type=\"container\" data-e-type=\"container\">\n\t\t\t\t<div class=\"elementor-element elementor-element-97cf569 elementor-widget elementor-widget-image\" data-id=\"97cf569\" data-element_type=\"widget\" data-e-type=\"widget\" data-widget_type=\"image.default\">\n\t\t\t\t<div class=\"elementor-widget-container\">\n\t\t\t\t\t\t\t\t\t\t\t\t\t\t\t<img decoding=\"async\" width=\"640\" height=\"640\" src=\"https:\/\/mymoradia.com\/wp-content\/uploads\/2025\/03\/1696519974450.jpeg\" class=\"attachment-large size-large wp-image-1968\" alt=\"\" srcset=\"https:\/\/mymoradia.com\/wp-content\/uploads\/2025\/03\/1696519974450.jpeg 800w, https:\/\/mymoradia.com\/wp-content\/uploads\/2025\/03\/1696519974450-300x300.jpeg 300w, https:\/\/mymoradia.com\/wp-content\/uploads\/2025\/03\/1696519974450-600x600.jpeg 600w, https:\/\/mymoradia.com\/wp-content\/uploads\/2025\/03\/1696519974450-150x150.jpeg 150w, https:\/\/mymoradia.com\/wp-content\/uploads\/2025\/03\/1696519974450-768x768.jpeg 768w\" sizes=\"(max-width: 640px) 100vw, 640px\" \/>\t\t\t\t\t\t\t\t\t\t\t\t\t\t\t<\/div>\n\t\t\t\t<\/div>\n\t\t\t\t<div class=\"elementor-element elementor-element-c3f7fee elementor-widget elementor-widget-image-box\" data-id=\"c3f7fee\" data-element_type=\"widget\" data-e-type=\"widget\" data-widget_type=\"image-box.default\">\n\t\t\t\t<div class=\"elementor-widget-container\">\n\t\t\t\t\t<div class=\"elementor-image-box-wrapper\"><div class=\"elementor-image-box-content\"><h3 class=\"elementor-image-box-title\">Michael Lopez <\/h3><p class=\"elementor-image-box-description\">Co-Founder<\/p><\/div><\/div>\t\t\t\t<\/div>\n\t\t\t\t<\/div>\n\t\t\t\t<\/div>\n\t\t\t\t\t<\/div>\n\t\t\t\t<\/div>\n\t\t\t\t<\/div>\n\t\t\t\t\t<\/div>\n\t\t\t\t<\/div>\n\t\t\t\t<section class=\"elementor-section elementor-top-section elementor-element elementor-element-6ht15no elementor-section-content-middle elementor-section-boxed elementor-section-height-default elementor-section-height-default\" data-id=\"6ht15no\" data-element_type=\"section\" data-e-type=\"section\" data-settings=\"{&quot;background_background&quot;:&quot;classic&quot;}\">\n\t\t\t\t\t\t<div class=\"elementor-container elementor-column-gap-default\">\n\t\t\t\t\t<div class=\"elementor-column elementor-col-100 elementor-top-column elementor-element elementor-element-3a6ef3b\" data-id=\"3a6ef3b\" data-element_type=\"column\" data-e-type=\"column\">\n\t\t\t<div class=\"elementor-widget-wrap elementor-element-populated\">\n\t\t\t\t\t\t<div class=\"elementor-element elementor-element-b7b261e elementor-widget elementor-widget-heading\" data-id=\"b7b261e\" data-element_type=\"widget\" data-e-type=\"widget\" data-widget_type=\"heading.default\">\n\t\t\t\t<div class=\"elementor-widget-container\">\n\t\t\t\t\t<h2 class=\"elementor-heading-title elementor-size-default\">Enjoy worry-free hosting with a simple 20% fee. We take care of everything.<\/h2>\t\t\t\t<\/div>\n\t\t\t\t<\/div>\n\t\t\t\t<section class=\"elementor-section elementor-inner-section elementor-element elementor-element-fe01b2e elementor-section-boxed elementor-section-height-default elementor-section-height-default\" data-id=\"fe01b2e\" data-element_type=\"section\" data-e-type=\"section\">\n\t\t\t\t\t\t<div class=\"elementor-container elementor-column-gap-default\">\n\t\t\t\t\t<div class=\"elementor-column elementor-col-100 elementor-inner-column elementor-element elementor-element-c2d2191\" data-id=\"c2d2191\" data-element_type=\"column\" data-e-type=\"column\">\n\t\t\t<div class=\"elementor-widget-wrap elementor-element-populated\">\n\t\t\t\t\t\t<div class=\"elementor-element elementor-element-9e2e48d elementor-align-center elementor-widget elementor-widget-button\" data-id=\"9e2e48d\" data-element_type=\"widget\" data-e-type=\"widget\" data-widget_type=\"button.default\">\n\t\t\t\t<div class=\"elementor-widget-container\">\n\t\t\t\t\t\t\t\t\t<div class=\"elementor-button-wrapper\">\n\t\t\t\t\t<a class=\"elementor-button elementor-button-link elementor-size-sm\" href=\"https:\/\/mymoradia.com\/fr\/contacto\/#formulario\">\n\t\t\t\t\t\t<span class=\"elementor-button-content-wrapper\">\n\t\t\t\t\t\t<span class=\"elementor-button-icon\">\n\t\t\t\t<svg aria-hidden=\"true\" class=\"e-font-icon-svg e-fas-long-arrow-alt-right\" viewbox=\"0 0 448 512\" xmlns=\"http:\/\/www.w3.org\/2000\/svg\"><path d=\"M313.941 216H12c-6.627 0-12 5.373-12 12v56c0 6.627 5.373 12 12 12h301.941v46.059c0 21.382 25.851 32.09 40.971 16.971l86.059-86.059c9.373-9.373 9.373-24.569 0-33.941l-86.059-86.059c-15.119-15.119-40.971-4.411-40.971 16.971V216z\"><\/path><\/svg>\t\t\t<\/span>\n\t\t\t\t\t\t\t\t\t<span class=\"elementor-button-text\">Commencez<\/span>\n\t\t\t\t\t<\/span>\n\t\t\t\t\t<\/a>\n\t\t\t\t<\/div>\n\t\t\t\t\t\t\t\t<\/div>\n\t\t\t\t<\/div>\n\t\t\t\t\t<\/div>\n\t\t<\/div>\n\t\t\t\t\t<\/div>\n\t\t<\/section>\n\t\t\t\t\t<\/div>\n\t\t<\/div>\n\t\t\t\t\t<\/div>\n\t\t<\/section>\n\t\t<div class=\"elementor-element elementor-element-5499bf9 e-flex e-con-boxed e-con e-parent\" data-id=\"5499bf9\" data-element_type=\"container\" data-e-type=\"container\">\n\t\t\t\t\t<div class=\"e-con-inner\">\n\t\t\t\t\t<\/div>\n\t\t\t\t<\/div>\n\t\t\t\t<\/div>","protected":false},"excerpt":{"rendered":"<p>About Us Full-service property management that maximizes your income while you enjoy total peace of mind. MyMoradia: Hosting with Care &amp; Expertise We believe that great hosting is all about the details. We are a dedicated team passionate about creating seamless, stress-free experiences for property owners and unforgettable stays for guests. Our mission? To ensure<\/p>","protected":false},"author":1,"featured_media":0,"parent":0,"menu_order":0,"comment_status":"closed","ping_status":"closed","template":"","meta":{"_surecart_dashboard_logo_width":"180px","_surecart_dashboard_show_logo":true,"_surecart_dashboard_navigation_orders":true,"_surecart_dashboard_navigation_invoices":true,"_surecart_dashboard_navigation_subscriptions":true,"_surecart_dashboard_navigation_downloads":true,"_surecart_dashboard_navigation_billing":true,"_surecart_dashboard_navigation_account":true,"_uag_custom_page_level_css":"","solace_meta_sidebar":"","solace_meta_container":"","solace_meta_enable_content_width":"","solace_meta_content_width":0,"solace_meta_title_alignment":"","solace_meta_author_avatar":"","solace_post_elements_order":"","solace_meta_disable_header":"","solace_meta_disable_footer":"","solace_meta_disable_title":"","footnotes":""},"class_list":["post-1399","page","type-page","status-publish","hentry"],"aioseo_notices":[],"uagb_featured_image_src":{"full":false,"thumbnail":false,"medium":false,"medium_large":false,"large":false,"1536x1536":false,"2048x2048":false,"trp-custom-language-flag":false,"solace-single2":false,"solace-single-default":false,"solace-default-blog":false,"solace-related-posts":false,"solace-wc-shop-layout3-layout4-layout6":false,"solace-blog":false,"woocommerce_thumbnail":false,"woocommerce_single":false,"woocommerce_gallery_thumbnail":false},"uagb_author_info":{"display_name":"lopez.julyandrea@gmail.com","author_link":"https:\/\/mymoradia.com\/fr\/author\/lopez-julyandreagmail-com\/"},"uagb_comment_info":0,"uagb_excerpt":"About Us Full-service property management that maximizes your income while you enjoy total peace of mind. MyMoradia: Hosting with Care &amp; Expertise We believe that great hosting is all about the details. We are a dedicated team passionate about creating seamless, stress-free experiences for property owners and unforgettable stays for guests. Our mission? To ensure","_links":{"self":[{"href":"https:\/\/mymoradia.com\/fr\/wp-json\/wp\/v2\/pages\/1399","targetHints":{"allow":["GET"]}}],"collection":[{"href":"https:\/\/mymoradia.com\/fr\/wp-json\/wp\/v2\/pages"}],"about":[{"href":"https:\/\/mymoradia.com\/fr\/wp-json\/wp\/v2\/types\/page"}],"author":[{"embeddable":true,"href":"https:\/\/mymoradia.com\/fr\/wp-json\/wp\/v2\/users\/1"}],"replies":[{"embeddable":true,"href":"https:\/\/mymoradia.com\/fr\/wp-json\/wp\/v2\/comments?post=1399"}],"version-history":[{"count":59,"href":"https:\/\/mymoradia.com\/fr\/wp-json\/wp\/v2\/pages\/1399\/revisions"}],"predecessor-version":[{"id":2289,"href":"https:\/\/mymoradia.com\/fr\/wp-json\/wp\/v2\/pages\/1399\/revisions\/2289"}],"wp:attachment":[{"href":"https:\/\/mymoradia.com\/fr\/wp-json\/wp\/v2\/media?parent=1399"}],"curies":[{"name":"wp","href":"https:\/\/api.w.org\/{rel}","templated":true}]}}